{"id":195,"date":"2020-07-13T10:21:21","date_gmt":"2020-07-13T10:21:21","guid":{"rendered":"https:\/\/elprimero.albweb.al\/index.php\/rooms\/"},"modified":"2020-07-16T13:11:04","modified_gmt":"2020-07-16T13:11:04","slug":"dhomat-tona","status":"publish","type":"page","link":"https:\/\/elprimero.al\/index.php\/dhomat-tona\/?lang=sq","title":{"rendered":"Dhomat Tona"},"content":{"rendered":"<div class=\"wpb-content-wrapper\"><p>[vc_row css=&#8221;.vc_custom_1594893967242{padding-top: 30px !important;padding-bottom: 70px !important;}&#8221;][vc_column offset=&#8221;vc_hidden-sm vc_hidden-xs&#8221;][vc_separator color=&#8221;custom&#8221; border_width=&#8221;3&#8243; el_width=&#8221;10&#8243; accent_color=&#8221;#b78407&#8243;][vc_custom_heading text=&#8221;EL PRIMERO HOTEL&#8221; font_container=&#8221;tag:h6|text_align:center&#8221; use_theme_fonts=&#8221;yes&#8221; css=&#8221;.vc_custom_1594894672628{margin-top: -20px !important;}&#8221;][vc_custom_heading text=&#8221;Dhomat Tona&#8221; font_container=&#8221;tag:h2|text_align:center&#8221; use_theme_fonts=&#8221;yes&#8221;][vc_empty_space][vc_row_inner][vc_column_inner width=&#8221;1\/3&#8243; css=&#8221;.vc_custom_1594650097645{padding-top: 10px !important;}&#8221;][vc_single_image image=&#8221;178&#8243; img_size=&#8221;full&#8221;]<div class=\"ult-content-box-container bx_class\" >\t\t<div class=\"ult-content-box\" style=\"box-shadow: px px px px none;border-style:solid;border-width:2px;border-color:#a47706;padding-top:15px;-webkit-transition: all 700ms ease;-moz-transition: all 700ms ease;-ms-transition: all 700ms ease;-o-transition: all 700ms ease;transition: all 700ms ease;\"  data-hover_box_shadow=\"none\"     data-border_color=\"#a47706\" >[vc_custom_heading text=&#8221;Dhome Treshe Deluxe me Pamje nga Deti&#8221; font_container=&#8221;tag:h4|text_align:left&#8221; use_theme_fonts=&#8221;yes&#8221; el_class=&#8221;txt_class&#8221;][vc_column_text css=&#8221;.vc_custom_1594904821019{padding-right: 20px !important;padding-left: 20px !important;}&#8221; el_class=&#8221;txt_class&#8221;]<\/p>\n<p style=\"text-align: left;\">Kjo dhom\u00eb treshe p\u00ebrmban nj\u00eb ballkon, wifi dhe aj\u00ebr t\u00eb kondicionuar \u2026<\/p>\n<p>[\/vc_column_text][vc_btn title=&#8221;Detaje&#8221; style=&#8221;outline-custom&#8221; outline_custom_color=&#8221;rgba(183,132,7,0.74)&#8221; outline_custom_hover_background=&#8221;#b78407&#8243; outline_custom_hover_text=&#8221;#ffffff&#8221; align=&#8221;left&#8221; css=&#8221;.vc_custom_1594904826855{padding-right: 30px !important;padding-left: 20px !important;}&#8221; link=&#8221;url:https%3A%2F%2Felprimero.al%2Findex.php%2Fdhome-treshe-deluxe-me-pamje-nga-deti%2F%3Flang%3Dsq|title:Dhome%20Treshe%20Deluxe%20me%20Pamje%20nga%20Deti||&#8221; el_class=&#8221;txt_class&#8221;]\t\t<\/div><\/div>[\/vc_column_inner][vc_column_inner width=&#8221;1\/3&#8243; css=&#8221;.vc_custom_1594650101691{padding-top: 10px !important;}&#8221;]<div class=\"ult-content-box-container bx_class\" >\t\t<div class=\"ult-content-box\" style=\"box-shadow: px px px px none;border-style:solid;border-width:2px;border-color:#a47706;padding-top:20px;-webkit-transition: all 700ms ease;-moz-transition: all 700ms ease;-ms-transition: all 700ms ease;-o-transition: all 700ms ease;transition: all 700ms ease;\"  data-hover_box_shadow=\"none\"     data-border_color=\"#a47706\" >[vc_custom_heading text=&#8221;Dhoma Dopio ose Dyshe me Pamje nga Deti&#8221; font_container=&#8221;tag:h4|text_align:left&#8221; use_theme_fonts=&#8221;yes&#8221; css=&#8221;.vc_custom_1594904835616{padding-left: 20px !important;}&#8221; el_class=&#8221;txt_class&#8221;][vc_column_text css=&#8221;.vc_custom_1594904839755{padding-right: 20px !important;}&#8221; el_class=&#8221;txt_class&#8221;]<\/p>\n<p style=\"text-align: left;\">Kjo dhom\u00eb dopio \/ dyshe ka nj\u00eb ballkon, ajer te kondicionuar dhe TV me ekran t\u00eb shesht\u00eb&#8230;<\/p>\n<p>[\/vc_column_text][vc_btn title=&#8221;Detaje&#8221; style=&#8221;outline-custom&#8221; outline_custom_color=&#8221;rgba(183,132,7,0.74)&#8221; outline_custom_hover_background=&#8221;#b78407&#8243; outline_custom_hover_text=&#8221;#ffffff&#8221; align=&#8221;left&#8221; css=&#8221;.vc_custom_1594904861919{padding-right: 30px !important;}&#8221; link=&#8221;url:https%3A%2F%2Felprimero.al%2Findex.php%2Fdhoma-dopio-ose-dyshe-me-pamje-nga-deti%2F%3Flang%3Dsq|title:Dhoma%20Dopio%20ose%20Dyshe%20me%20Pamje%20nga%20Deti||&#8221; el_class=&#8221;txt_class&#8221;]\t\t<\/div><\/div>[vc_empty_space height=&#8221;35px&#8221;][vc_single_image image=&#8221;179&#8243; img_size=&#8221;full&#8221;][\/vc_column_inner][vc_column_inner width=&#8221;1\/3&#8243; css=&#8221;.vc_custom_1594650110239{padding-top: 10px !important;}&#8221;][vc_single_image image=&#8221;180&#8243; img_size=&#8221;full&#8221;]<div class=\"ult-content-box-container bx_class\" >\t\t<div class=\"ult-content-box\" style=\"box-shadow: px px px px none;border-style:solid;border-width:2px;border-color:#a47706;padding-top:15px;-webkit-transition: all 700ms ease;-moz-transition: all 700ms ease;-ms-transition: all 700ms ease;-o-transition: all 700ms ease;transition: all 700ms ease;\"  data-hover_box_shadow=\"none\"     data-border_color=\"#a47706\" >[vc_custom_heading text=&#8221;Suite Deluxe me Pamje nga Deti&#8221; font_container=&#8221;tag:h4|text_align:left&#8221; use_theme_fonts=&#8221;yes&#8221; el_class=&#8221;txt_class&#8221;][vc_column_text css=&#8221;.vc_custom_1594904877736{padding-right: 20px !important;}&#8221; el_class=&#8221;txt_class&#8221;]<\/p>\n<p style=\"text-align: left;\">Kjo suit\u00eb p\u00ebrmban nj\u00eb ballkon, ajer te kondicionuar dhe TV satelitor \u2026<\/p>\n<p>[\/vc_column_text][vc_empty_space height=&#8221;30px&#8221;][vc_btn title=&#8221;Detaje&#8221; style=&#8221;outline-custom&#8221; outline_custom_color=&#8221;rgba(183,132,7,0.74)&#8221; outline_custom_hover_background=&#8221;#b78407&#8243; outline_custom_hover_text=&#8221;#ffffff&#8221; align=&#8221;left&#8221; css=&#8221;.vc_custom_1594904889296{padding-right: 30px !important;}&#8221; link=&#8221;url:https%3A%2F%2Felprimero.al%2Findex.php%2Fsuite-deluxe-me-pamje-nga-deti%2F%3Flang%3Dsq|title:Suite%20Deluxe%20me%20Pamje%20nga%20Deti||&#8221; el_class=&#8221;txt_class&#8221;]\t\t<\/div><\/div>[\/vc_column_inner][\/vc_row_inner][\/vc_column][\/vc_row][vc_row css=&#8221;.vc_custom_1594893967242{padding-top: 30px !important;padding-bottom: 70px !important;}&#8221;][vc_column offset=&#8221;vc_hidden-lg vc_hidden-md&#8221;][vc_separator color=&#8221;custom&#8221; border_width=&#8221;3&#8243; el_width=&#8221;10&#8243; accent_color=&#8221;#b78407&#8243;][vc_custom_heading text=&#8221;EL PRIMERO HOTEL&#8221; font_container=&#8221;tag:h6|text_align:center&#8221; use_theme_fonts=&#8221;yes&#8221; css=&#8221;.vc_custom_1594894672628{margin-top: -20px !important;}&#8221;][vc_custom_heading text=&#8221;Dhomat Tona&#8221; font_container=&#8221;tag:h2|text_align:center&#8221; use_theme_fonts=&#8221;yes&#8221;][vc_empty_space][vc_row_inner][vc_column_inner width=&#8221;1\/3&#8243; css=&#8221;.vc_custom_1594650097645{padding-top: 10px !important;}&#8221;][vc_single_image image=&#8221;178&#8243; img_size=&#8221;full&#8221;]<div class=\"ult-content-box-container bx_class\" >\t\t<div class=\"ult-content-box\" style=\"box-shadow: px px px px none;border-style:solid;border-width:2px;border-color:#a47706;padding-top:15px;-webkit-transition: all 700ms ease;-moz-transition: all 700ms ease;-ms-transition: all 700ms ease;-o-transition: all 700ms ease;transition: all 700ms ease;\"  data-hover_box_shadow=\"none\"     data-border_color=\"#a47706\" >[vc_custom_heading text=&#8221;Dhome Treshe Deluxe me Pamje nga Deti&#8221; font_container=&#8221;tag:h4|text_align:left&#8221; use_theme_fonts=&#8221;yes&#8221; el_class=&#8221;txt_class&#8221;][vc_column_text css=&#8221;.vc_custom_1594904821019{padding-right: 20px !important;padding-left: 20px !important;}&#8221; el_class=&#8221;txt_class&#8221;]<\/p>\n<p style=\"text-align: left;\">Kjo dhom\u00eb treshe p\u00ebrmban nj\u00eb ballkon, wifi dhe aj\u00ebr t\u00eb kondicionuar \u2026<\/p>\n<p>[\/vc_column_text][vc_btn title=&#8221;Detaje&#8221; style=&#8221;outline-custom&#8221; outline_custom_color=&#8221;rgba(183,132,7,0.74)&#8221; outline_custom_hover_background=&#8221;#b78407&#8243; outline_custom_hover_text=&#8221;#ffffff&#8221; align=&#8221;left&#8221; css=&#8221;.vc_custom_1594904826855{padding-right: 30px !important;padding-left: 20px !important;}&#8221; link=&#8221;url:https%3A%2F%2Felprimero.al%2Findex.php%2Fdhome-treshe-deluxe-me-pamje-nga-deti%2F%3Flang%3Dsq|title:Dhome%20Treshe%20Deluxe%20me%20Pamje%20nga%20Deti||&#8221; el_class=&#8221;txt_class&#8221;]\t\t<\/div><\/div>[\/vc_column_inner][vc_column_inner width=&#8221;1\/3&#8243; css=&#8221;.vc_custom_1594905009323{padding-top: 20px !important;}&#8221;][vc_empty_space height=&#8221;20px&#8221;][vc_single_image image=&#8221;179&#8243; img_size=&#8221;full&#8221;]<div class=\"ult-content-box-container bx_class\" >\t\t<div class=\"ult-content-box\" style=\"box-shadow: px px px px none;border-style:solid;border-width:2px;border-color:#a47706;padding-top:20px;-webkit-transition: all 700ms ease;-moz-transition: all 700ms ease;-ms-transition: all 700ms ease;-o-transition: all 700ms ease;transition: all 700ms ease;\"  data-hover_box_shadow=\"none\"     data-border_color=\"#a47706\" >[vc_custom_heading text=&#8221;Dhoma Dopio ose Dyshe me Pamje nga Deti&#8221; font_container=&#8221;tag:h4|text_align:left&#8221; use_theme_fonts=&#8221;yes&#8221; css=&#8221;.vc_custom_1594904835616{padding-left: 20px !important;}&#8221; el_class=&#8221;txt_class&#8221;][vc_column_text css=&#8221;.vc_custom_1594904839755{padding-right: 20px !important;}&#8221; el_class=&#8221;txt_class&#8221;]<\/p>\n<p style=\"text-align: left;\">Kjo dhom\u00eb dopio \/ dyshe ka nj\u00eb ballkon, ajer te kondicionuar dhe TV me ekran t\u00eb shesht\u00eb&#8230;<\/p>\n<p>[\/vc_column_text][vc_btn title=&#8221;Detaje&#8221; style=&#8221;outline-custom&#8221; outline_custom_color=&#8221;rgba(183,132,7,0.74)&#8221; outline_custom_hover_background=&#8221;#b78407&#8243; outline_custom_hover_text=&#8221;#ffffff&#8221; align=&#8221;left&#8221; css=&#8221;.vc_custom_1594904861919{padding-right: 30px !important;}&#8221; link=&#8221;url:https%3A%2F%2Felprimero.al%2Findex.php%2Fdhoma-dopio-ose-dyshe-me-pamje-nga-deti%2F%3Flang%3Dsq|title:Dhoma%20Dopio%20ose%20Dyshe%20me%20Pamje%20nga%20Deti||&#8221; el_class=&#8221;txt_class&#8221;]\t\t<\/div><\/div>[\/vc_column_inner][vc_column_inner width=&#8221;1\/3&#8243; css=&#8221;.vc_custom_1594905016233{padding-top: 20px !important;}&#8221;][vc_empty_space height=&#8221;20px&#8221;][vc_single_image image=&#8221;180&#8243; img_size=&#8221;full&#8221;]<div class=\"ult-content-box-container bx_class\" >\t\t<div class=\"ult-content-box\" style=\"box-shadow: px px px px none;border-style:solid;border-width:2px;border-color:#a47706;padding-top:15px;-webkit-transition: all 700ms ease;-moz-transition: all 700ms ease;-ms-transition: all 700ms ease;-o-transition: all 700ms ease;transition: all 700ms ease;\"  data-hover_box_shadow=\"none\"     data-border_color=\"#a47706\" >[vc_custom_heading text=&#8221;Suite Deluxe me Pamje nga Deti&#8221; font_container=&#8221;tag:h4|text_align:left&#8221; use_theme_fonts=&#8221;yes&#8221; el_class=&#8221;txt_class&#8221;][vc_column_text css=&#8221;.vc_custom_1594904877736{padding-right: 20px !important;}&#8221; el_class=&#8221;txt_class&#8221;]<\/p>\n<p style=\"text-align: left;\">Kjo suit\u00eb p\u00ebrmban nj\u00eb ballkon, ajer te kondicionuar dhe TV satelitor \u2026<\/p>\n<p>[\/vc_column_text][vc_empty_space height=&#8221;30px&#8221;][vc_btn title=&#8221;Detaje&#8221; style=&#8221;outline-custom&#8221; outline_custom_color=&#8221;rgba(183,132,7,0.74)&#8221; outline_custom_hover_background=&#8221;#b78407&#8243; outline_custom_hover_text=&#8221;#ffffff&#8221; align=&#8221;left&#8221; css=&#8221;.vc_custom_1594904889296{padding-right: 30px !important;}&#8221; link=&#8221;url:https%3A%2F%2Felprimero.al%2Findex.php%2Fsuite-deluxe-me-pamje-nga-deti%2F%3Flang%3Dsq|title:Suite%20Deluxe%20me%20Pamje%20nga%20Deti||&#8221; el_class=&#8221;txt_class&#8221;]\t\t<\/div><\/div>[\/vc_column_inner][\/vc_row_inner][\/vc_column][\/vc_row][vc_row bg_type=&#8221;image&#8221; parallax_style=&#8221;vcpb-default&#8221; bg_image_new=&#8221;id^381|url^https:\/\/elprimero.al\/wp-content\/uploads\/2020\/07\/FOOTER-1.jpg|caption^null|alt^null|title^FOOTER|description^null&#8221; bg_image_repeat=&#8221;no-repeat&#8221; bg_img_attach=&#8221;fixed&#8221; bg_override=&#8221;ex-full&#8221; enable_overlay=&#8221;enable_overlay_value&#8221; overlay_color=&#8221;rgba(12,12,12,0.17)&#8221; overlay_pattern_opacity=&#8221;0.5&#8243;][vc_column css=&#8221;.vc_custom_1594387527623{padding-top: 100px !important;padding-bottom: 100px !important;}&#8221;][vc_separator color=&#8221;custom&#8221; border_width=&#8221;3&#8243; el_width=&#8221;10&#8243; accent_color=&#8221;#b78407&#8243;][vc_custom_heading text=&#8221;EL PRIMERO HOTEL&#8221; font_container=&#8221;tag:h6|text_align:center|color:%23ffffff&#8221; use_theme_fonts=&#8221;yes&#8221; css=&#8221;.vc_custom_1594896609405{margin-top: -20px !important;}&#8221;][vc_custom_heading text=&#8221;Kontakt&#8221; font_container=&#8221;tag:h2|text_align:center|color:%23ffffff&#8221; use_theme_fonts=&#8221;yes&#8221; css=&#8221;.vc_custom_1594902586650{padding-left: 20px !important;}&#8221;][vc_column_text css=&#8221;.vc_custom_1594902594582{padding-right: 20px !important;padding-left: 20px !important;}&#8221;]<\/p>\n<h4 style=\"text-align: center;\"><span style=\"color: #ffffff;\">P\u00ebr m\u00eb shum\u00eb informacione mos hezitoni t\u00eb na kontaktoni<\/span><\/h4>\n<p>[\/vc_column_text][vc_btn title=&#8221;Na Kontaktoni&#8221; style=&#8221;custom&#8221; custom_background=&#8221;#b78407&#8243; custom_text=&#8221;#ffffff&#8221; align=&#8221;center&#8221; css=&#8221;.vc_custom_1594902612504{padding-right: 30px !important;padding-left: 20px !important;}&#8221; link=&#8221;url:https%3A%2F%2Felprimero.al%2Findex.php%2Fcontact%2F%3Flang%3Dsq|title:Kontakt||&#8221;][\/vc_column][\/vc_row]<\/p>\n<\/div>","protected":false},"excerpt":{"rendered":"<p>[vc_row css=&#8221;.vc_custom_1594893967242{padding-top: 30px !important;padding-bottom: 70px !important;}&#8221;][vc_column offset=&#8221;vc_hidden-sm vc_hidden-xs&#8221;][vc_separator color=&#8221;custom&#8221; border_width=&#8221;3&#8243; el_width=&#8221;10&#8243; accent_color=&#8221;#b78407&#8243;][vc_custom_heading text=&#8221;EL PRIMERO HOTEL&#8221; font_container=&#8221;tag:h6|text_align:center&#8221; use_theme_fonts=&#8221;yes&#8221; css=&#8221;.vc_custom_1594894672628{margin-top: -20px !important;}&#8221;][vc_custom_heading text=&#8221;Dhomat Tona&#8221; font_container=&#8221;tag:h2|text_align:center&#8221; use_theme_fonts=&#8221;yes&#8221;][vc_empty_space][vc_row_inner][vc_column_inner width=&#8221;1\/3&#8243; css=&#8221;.vc_custom_1594650097645{padding-top: 10px !important;}&#8221;][vc_single_image image=&#8221;178&#8243; img_size=&#8221;full&#8221;][\/vc_column_inner][vc_column_inner width=&#8221;1\/3&#8243; css=&#8221;.vc_custom_1594650101691{padding-top: 10px !important;}&#8221;][vc_empty_space height=&#8221;35px&#8221;][vc_single_image image=&#8221;179&#8243; img_size=&#8221;full&#8221;][\/vc_column_inner][vc_column_inner width=&#8221;1\/3&#8243; css=&#8221;.vc_custom_1594650110239{padding-top: 10px !important;}&#8221;][vc_single_image image=&#8221;180&#8243; img_size=&#8221;full&#8221;][\/vc_column_inner][\/vc_row_inner][\/vc_column][\/vc_row][vc_row css=&#8221;.vc_custom_1594893967242{padding-top: 30px !important;padding-bottom: 70px !important;}&#8221;][vc_column offset=&#8221;vc_hidden-lg vc_hidden-md&#8221;][vc_separator color=&#8221;custom&#8221; border_width=&#8221;3&#8243; el_width=&#8221;10&#8243; accent_color=&#8221;#b78407&#8243;][vc_custom_heading text=&#8221;EL&hellip;<\/p>\n","protected":false},"author":1,"featured_media":0,"parent":0,"menu_order":0,"comment_status":"closed","ping_status":"closed","template":"","meta":{"footnotes":""},"class_list":["post-195","page","type-page","status-publish","hentry","description-off"],"_links":{"self":[{"href":"https:\/\/elprimero.al\/index.php\/wp-json\/wp\/v2\/pages\/195","targetHints":{"allow":["GET"]}}],"collection":[{"href":"https:\/\/elprimero.al\/index.php\/wp-json\/wp\/v2\/pages"}],"about":[{"href":"https:\/\/elprimero.al\/index.php\/wp-json\/wp\/v2\/types\/page"}],"author":[{"embeddable":true,"href":"https:\/\/elprimero.al\/index.php\/wp-json\/wp\/v2\/users\/1"}],"replies":[{"embeddable":true,"href":"https:\/\/elprimero.al\/index.php\/wp-json\/wp\/v2\/comments?post=195"}],"version-history":[{"count":9,"href":"https:\/\/elprimero.al\/index.php\/wp-json\/wp\/v2\/pages\/195\/revisions"}],"predecessor-version":[{"id":418,"href":"https:\/\/elprimero.al\/index.php\/wp-json\/wp\/v2\/pages\/195\/revisions\/418"}],"wp:attachment":[{"href":"https:\/\/elprimero.al\/index.php\/wp-json\/wp\/v2\/media?parent=195"}],"curies":[{"name":"wp","href":"https:\/\/api.w.org\/{rel}","templated":true}]}}