{"id":285,"date":"2020-07-13T10:15:59","date_gmt":"2020-07-13T10:15:59","guid":{"rendered":"https:\/\/elprimero.albweb.al\/index.php\/gallery\/"},"modified":"2020-07-13T12:41:23","modified_gmt":"2020-07-13T12:41:23","slug":"galeri","status":"publish","type":"page","link":"https:\/\/elprimero.al\/index.php\/galeri\/?lang=sq","title":{"rendered":"Galeri"},"content":{"rendered":"<div class=\"wpb-content-wrapper\"><p>[vc_row css=&#8221;.vc_custom_1594635298925{padding-top: 40px !important;padding-right: 40px !important;padding-bottom: 60px !important;padding-left: 40px !important;}&#8221;][vc_column][vc_empty_space][vc_media_grid element_width=&#8221;3&#8243; gap=&#8221;10&#8243; grid_id=&#8221;vc_gid:1594644066791-9f03dd2f-2201-10&#8243; include=&#8221;17,29,32,187,186,185,184,183,182,180,179,204,208,207,209,210,219,218,217,216,215,227,228,229,230,231,232,223,211,213,265,273&#8243;][\/vc_column][\/vc_row][vc_row bg_type=&#8221;image&#8221; parallax_style=&#8221;vcpb-default&#8221; bg_image_new=&#8221;id^44|url^https:\/\/elprimero.al\/wp-content\/uploads\/2020\/07\/footer2.jpg|caption^null|alt^null|title^footer2|description^null&#8221; bg_image_repeat=&#8221;no-repeat&#8221; bg_img_attach=&#8221;fixed&#8221; bg_override=&#8221;ex-full&#8221; enable_overlay=&#8221;enable_overlay_value&#8221; overlay_color=&#8221;rgba(10,10,10,0.17)&#8221; css=&#8221;.vc_custom_1594393836144{padding-top: 50px !important;}&#8221;][vc_column css=&#8221;.vc_custom_1594635450567{padding-top: 80px !important;padding-bottom: 80px !important;}&#8221;][vc_custom_heading text=&#8221;Kontakt&#8221; font_container=&#8221;tag:h2|text_align:center|color:%23ffffff&#8221; use_theme_fonts=&#8221;yes&#8221; css=&#8221;.vc_custom_1594643585499{padding-left: 20px !important;}&#8221;][vc_column_text css=&#8221;.vc_custom_1594643592880{padding-right: 20px !important;padding-left: 20px !important;}&#8221;]<\/p>\n<h4 style=\"text-align: center;\"><span style=\"color: #ffffff;\">P\u00ebr m\u00eb shum\u00eb informacione mos hezitoni t\u00eb na kontaktoni<\/span><\/h4>\n<p>[\/vc_column_text][vc_btn title=&#8221;Na Kontaktoni&#8221; style=&#8221;custom&#8221; custom_background=&#8221;#b78407&#8243; custom_text=&#8221;#ffffff&#8221; align=&#8221;center&#8221; css=&#8221;.vc_custom_1594644079175{padding-right: 30px !important;padding-left: 20px !important;}&#8221; link=&#8221;url:https%3A%2F%2Felprimero.al%2Findex.php%2Fcontact%2F%3Flang%3Dsq|title:Kontakt||&#8221;][\/vc_column][\/vc_row]<\/p>\n<\/div>","protected":false},"excerpt":{"rendered":"<p>[vc_row css=&#8221;.vc_custom_1594635298925{padding-top: 40px !important;padding-right: 40px !important;padding-bottom: 60px !important;padding-left: 40px !important;}&#8221;][vc_column][vc_empty_space][vc_media_grid element_width=&#8221;3&#8243; gap=&#8221;10&#8243; grid_id=&#8221;vc_gid:1594644066791-9f03dd2f-2201-10&#8243; include=&#8221;17,29,32,187,186,185,184,183,182,180,179,204,208,207,209,210,219,218,217,216,215,227,228,229,230,231,232,223,211,213,265,273&#8243;][\/vc_column][\/vc_row][vc_row bg_type=&#8221;image&#8221; parallax_style=&#8221;vcpb-default&#8221; bg_image_new=&#8221;id^44|url^https:\/\/elprimero.al\/wp-content\/uploads\/2020\/07\/footer2.jpg|caption^null|alt^null|title^footer2|description^null&#8221; bg_image_repeat=&#8221;no-repeat&#8221; bg_img_attach=&#8221;fixed&#8221; bg_override=&#8221;ex-full&#8221; enable_overlay=&#8221;enable_overlay_value&#8221; overlay_color=&#8221;rgba(10,10,10,0.17)&#8221; css=&#8221;.vc_custom_1594393836144{padding-top: 50px !important;}&#8221;][vc_column css=&#8221;.vc_custom_1594635450567{padding-top: 80px !important;padding-bottom: 80px !important;}&#8221;][vc_custom_heading text=&#8221;Kontakt&#8221; font_container=&#8221;tag:h2|text_align:center|color:%23ffffff&#8221; use_theme_fonts=&#8221;yes&#8221; css=&#8221;.vc_custom_1594643585499{padding-left: 20px !important;}&#8221;][vc_column_text css=&#8221;.vc_custom_1594643592880{padding-right: 20px !important;padding-left: 20px !important;}&#8221;] P\u00ebr m\u00eb shum\u00eb informacione mos hezitoni t\u00eb na kontaktoni [\/vc_column_text][vc_btn title=&#8221;Na Kontaktoni&#8221; style=&#8221;custom&#8221; custom_background=&#8221;#b78407&#8243;&hellip;<\/p>\n","protected":false},"author":1,"featured_media":0,"parent":0,"menu_order":0,"comment_status":"closed","ping_status":"closed","template":"","meta":{"footnotes":""},"class_list":["post-285","page","type-page","status-publish","hentry","description-off"],"_links":{"self":[{"href":"https:\/\/elprimero.al\/index.php\/wp-json\/wp\/v2\/pages\/285","targetHints":{"allow":["GET"]}}],"collection":[{"href":"https:\/\/elprimero.al\/index.php\/wp-json\/wp\/v2\/pages"}],"about":[{"href":"https:\/\/elprimero.al\/index.php\/wp-json\/wp\/v2\/types\/page"}],"author":[{"embeddable":true,"href":"https:\/\/elprimero.al\/index.php\/wp-json\/wp\/v2\/users\/1"}],"replies":[{"embeddable":true,"href":"https:\/\/elprimero.al\/index.php\/wp-json\/wp\/v2\/comments?post=285"}],"version-history":[{"count":4,"href":"https:\/\/elprimero.al\/index.php\/wp-json\/wp\/v2\/pages\/285\/revisions"}],"predecessor-version":[{"id":312,"href":"https:\/\/elprimero.al\/index.php\/wp-json\/wp\/v2\/pages\/285\/revisions\/312"}],"wp:attachment":[{"href":"https:\/\/elprimero.al\/index.php\/wp-json\/wp\/v2\/media?parent=285"}],"curies":[{"name":"wp","href":"https:\/\/api.w.org\/{rel}","templated":true}]}}